{"id":2464,"date":"2019-03-28T13:18:04","date_gmt":"2019-03-28T13:18:04","guid":{"rendered":"https:\/\/autoselect.lv\/kontakti\/"},"modified":"2024-07-01T12:19:24","modified_gmt":"2024-07-01T12:19:24","slug":"kontakty","status":"publish","type":"page","link":"https:\/\/beta.autoselect.lv\/ru\/kontakty\/","title":{"rendered":"\u041a\u043e\u043d\u0442\u0430\u043a\u0442\u044b"},"content":{"rendered":"\r\n<p><span style=\"color: #ffffff;\">Kontakti<\/span><\/p>\r\n<p>Autoselect.lv ir uz\u0146\u0113mums, kur\u0101 apvienoju\u0161ies auto nozares eksperti, kam ir vair\u0101k k\u0101 10 gadu pieredze kvalitat\u012bv\u0101 klientu apkalpo\u0161an\u0101. Esam elast\u012bgi un saviem klientiem varam pied\u0101v\u0101t auto gan no viet\u0113j\u0101 tirgus, gan no liel\u0101kajiem auto sludin\u0101jumu port\u0101liem Eirop\u0101. M\u0113s pieg\u0101d\u0101jam gan l\u0113tus, gan ekskluz\u012bvus auto. Uz\u0146\u0113muma darb\u012bba ir balst\u012bta tr\u012bs liet\u0101s: pieredze, individu\u0101la pieeja un kvalit\u0101te.<\/p>\r\n","protected":false},"excerpt":{"rendered":"<p>Kontakti Autoselect.lv ir uz\u0146\u0113mums, kur\u0101 apvienoju\u0161ies auto nozares eksperti, kam ir vair\u0101k k\u0101 10 gadu pieredze kvalitat\u012bv\u0101 klientu apkalpo\u0161an\u0101. Esam elast\u012bgi un saviem klientiem varam pied\u0101v\u0101t auto gan no viet\u0113j\u0101 tirgus, gan no liel\u0101kajiem auto sludin\u0101jumu port\u0101liem Eirop\u0101. M\u0113s pieg\u0101d\u0101jam gan l\u0113tus, gan ekskluz\u012bvus auto. Uz\u0146\u0113muma darb\u012bba ir balst\u012bta tr\u012bs liet\u0101s: pieredze, individu\u0101la pieeja un [&hellip;]<\/p>\n","protected":false},"author":1,"featured_media":0,"parent":0,"menu_order":0,"comment_status":"closed","ping_status":"closed","template":"page-contacts.php","meta":{"_acf_changed":false,"inline_featured_image":false,"footnotes":""},"class_list":["post-2464","page","type-page","status-publish","hentry"],"acf":[],"aioseo_notices":[],"_links":{"self":[{"href":"https:\/\/beta.autoselect.lv\/ru\/wp-json\/wp\/v2\/pages\/2464","targetHints":{"allow":["GET"]}}],"collection":[{"href":"https:\/\/beta.autoselect.lv\/ru\/wp-json\/wp\/v2\/pages"}],"about":[{"href":"https:\/\/beta.autoselect.lv\/ru\/wp-json\/wp\/v2\/types\/page"}],"author":[{"embeddable":true,"href":"https:\/\/beta.autoselect.lv\/ru\/wp-json\/wp\/v2\/users\/1"}],"replies":[{"embeddable":true,"href":"https:\/\/beta.autoselect.lv\/ru\/wp-json\/wp\/v2\/comments?post=2464"}],"version-history":[{"count":24,"href":"https:\/\/beta.autoselect.lv\/ru\/wp-json\/wp\/v2\/pages\/2464\/revisions"}],"predecessor-version":[{"id":40660,"href":"https:\/\/beta.autoselect.lv\/ru\/wp-json\/wp\/v2\/pages\/2464\/revisions\/40660"}],"wp:attachment":[{"href":"https:\/\/beta.autoselect.lv\/ru\/wp-json\/wp\/v2\/media?parent=2464"}],"curies":[{"name":"wp","href":"https:\/\/api.w.org\/{rel}","templated":true}]}}